{"id":35445,"date":"2020-02-21T12:54:43","date_gmt":"2020-02-21T12:54:43","guid":{"rendered":"https:\/\/www.zbw-mediatalk.eu\/?page_id=35445"},"modified":"2020-02-25T12:36:25","modified_gmt":"2020-02-25T12:36:25","slug":"dummy-newsletter","status":"publish","type":"page","link":"https:\/\/www.zbw-mediatalk.eu\/de\/dummy-newsletter\/","title":{"rendered":"Newsletter-Anmeldung"},"content":{"rendered":"<p><center><img decoding=\"async\" src=\"https:\/\/www.zbw-mediatalk.eu\/wp-content\/uploads\/2020\/02\/nl-wf-1.png\" alt=\"\" width=\"400\"><\/center><br \/>\nWerden Sie Teil der ZBW MediaTalk-Community! Der Newsletter pr\u00e4sentiert jede Woche den aktuellen Blogpost, stellt die News der Woche vor und informiert \u00fcber anstehende Termine aus den Bereichen Open Science und Bibliotheken. Newsletter-Abonnenten erhalten dar\u00fcber hinaus Zugriff auf den <b>\u201eQuick Guide: Bibliothekarisches Trend-Monitoring f\u00fcr Open Science\u201c<\/b> (CC-BY), eine Brosch\u00fcre, die Ihnen hilft, ein hauseigenes Trend-Monitoring auch mit begrenzten Ressourcen zu organisieren. <\/p>\n<h3>Zur Anmeldung:<\/h3>\n<p><img decoding=\"async\" src=\"https:\/\/www.zbw-mediatalk.eu\/wp-content\/uploads\/2020\/02\/nl-quick-guide-733x1024.jpg\" alt=\"\" width=\"290\" class=\"alignleft size-large wp-image-35448\" srcset=\"https:\/\/www.zbw-mediatalk.eu\/wp-content\/uploads\/2020\/02\/nl-quick-guide-733x1024.jpg 733w, https:\/\/www.zbw-mediatalk.eu\/wp-content\/uploads\/2020\/02\/nl-quick-guide-215x300.jpg 215w, https:\/\/www.zbw-mediatalk.eu\/wp-content\/uploads\/2020\/02\/nl-quick-guide-768x1073.jpg 768w, https:\/\/www.zbw-mediatalk.eu\/wp-content\/uploads\/2020\/02\/nl-quick-guide-680x950.jpg 680w, https:\/\/www.zbw-mediatalk.eu\/wp-content\/uploads\/2020\/02\/nl-quick-guide-500x699.jpg 500w, https:\/\/www.zbw-mediatalk.eu\/wp-content\/uploads\/2020\/02\/nl-quick-guide-400x559.jpg 400w, https:\/\/www.zbw-mediatalk.eu\/wp-content\/uploads\/2020\/02\/nl-quick-guide-250x349.jpg 250w, https:\/\/www.zbw-mediatalk.eu\/wp-content\/uploads\/2020\/02\/nl-quick-guide-200x280.jpg 200w, https:\/\/www.zbw-mediatalk.eu\/wp-content\/uploads\/2020\/02\/nl-quick-guide-100x140.jpg 100w, https:\/\/www.zbw-mediatalk.eu\/wp-content\/uploads\/2020\/02\/nl-quick-guide-76x106.jpg 76w, https:\/\/www.zbw-mediatalk.eu\/wp-content\/uploads\/2020\/02\/nl-quick-guide-50x70.jpg 50w, https:\/\/www.zbw-mediatalk.eu\/wp-content\/uploads\/2020\/02\/nl-quick-guide.jpg 800w\" sizes=\"(max-width: 733px) 100vw, 733px\" \/><iframe class=\"mj-w-res-iframe\" frameborder=\"0\" scrolling=\"no\" marginheight=\"0\" marginwidth=\"0\" width=\"50%\" src=\"https:\/\/app.mailjet.com\/widget\/iframe\/2eP3\/hqz\"><\/iframe><\/p>\n<p><em>Der ZBW MediaTalk-Newsletter ist kostenlos und kann jederzeit abbestellt werden. Weitere Informationen sowie Hinweise zum Newsletter Service Provider MailJet finden Sie in unserer <a href=\"https:\/\/www.zbw-mediatalk.eu\/datenschutz\/#newsletter\">Datenschutzerkl\u00e4rung<\/a>.<\/em><br \/>\n<br \/>\n<script type=\"text\/javascript\" src=\"https:\/\/app.mailjet.com\/statics\/js\/iframeResizer.min.js\"><\/script><br \/><\/p>\n","protected":false},"excerpt":{"rendered":"<p>Werden Sie Teil der ZBW MediaTalk-Community! Der Newsletter pr\u00e4sentiert jede Woche den aktuellen Blogpost, stellt die News der Woche vor und informiert \u00fcber anstehende Termine aus den Bereichen Open Science und Bibliotheken. Newsletter-Abonnenten erhalten dar\u00fcber hinaus Zugriff auf den \u201eQuick Guide: Bibliothekarisches Trend-Monitoring f\u00fcr Open Science\u201c (CC-BY), eine Brosch\u00fcre, die Ihnen hilft, ein hauseigenes Trend-Monitoring [&hellip;]<\/p>\n","protected":false},"author":1,"featured_media":35450,"parent":0,"menu_order":0,"comment_status":"closed","ping_status":"closed","template":"","meta":{"_has_post_settings":[],"footnotes":""},"hashtags":[],"class_list":["post-35445","page","type-page","status-publish","has-post-thumbnail","hentry"],"aioseo_notices":[],"_links":{"self":[{"href":"https:\/\/www.zbw-mediatalk.eu\/de\/wp-json\/wp\/v2\/pages\/35445","targetHints":{"allow":["GET"]}}],"collection":[{"href":"https:\/\/www.zbw-mediatalk.eu\/de\/wp-json\/wp\/v2\/pages"}],"about":[{"href":"https:\/\/www.zbw-mediatalk.eu\/de\/wp-json\/wp\/v2\/types\/page"}],"author":[{"embeddable":true,"href":"https:\/\/www.zbw-mediatalk.eu\/de\/wp-json\/wp\/v2\/users\/1"}],"replies":[{"embeddable":true,"href":"https:\/\/www.zbw-mediatalk.eu\/de\/wp-json\/wp\/v2\/comments?post=35445"}],"version-history":[{"count":0,"href":"https:\/\/www.zbw-mediatalk.eu\/de\/wp-json\/wp\/v2\/pages\/35445\/revisions"}],"wp:featuredmedia":[{"embeddable":true,"href":"https:\/\/www.zbw-mediatalk.eu\/de\/wp-json\/wp\/v2\/media\/35450"}],"wp:attachment":[{"href":"https:\/\/www.zbw-mediatalk.eu\/de\/wp-json\/wp\/v2\/media?parent=35445"}],"wp:term":[{"taxonomy":"hashtags","embeddable":true,"href":"https:\/\/www.zbw-mediatalk.eu\/de\/wp-json\/wp\/v2\/hashtags?post=35445"}],"curies":[{"name":"wp","href":"https:\/\/api.w.org\/{rel}","templated":true}]}}