{"id":35443,"date":"2020-02-21T09:00:27","date_gmt":"2020-02-21T09:00:27","guid":{"rendered":"https:\/\/www.zbw-mediatalk.eu\/?page_id=35443"},"modified":"2024-08-01T07:29:10","modified_gmt":"2024-08-01T07:29:10","slug":"newsletter-confirmation","status":"publish","type":"page","link":"https:\/\/www.zbw-mediatalk.eu\/de\/newsletter-confirmation\/","title":{"rendered":"Das hat geklappt&#8230;"},"content":{"rendered":"<p><center><img decoding=\"async\" src=\"https:\/\/www.zbw-mediatalk.eu\/wp-content\/uploads\/2020\/02\/nl-wf-3.png\" alt=\"\" width=\"400\"><\/center><\/p>\n<p>Vielen Dank f\u00fcr Ihre Anmeldung! Sie erhalten nun w\u00f6chentlich den ZBW MediaTalk-Newsletter. Eine Abmeldung ist jederzeit m\u00f6glich, indem Sie den &#8220;Unsubscribe&#8221;-Link am Ende jeder Mail klicken. Hier haben Sie nun die Gelegenheit, den <b>&#8220;Quick-Guide: Bibliothekarisches Trend-Monitoring f\u00fcr Open Science&#8221;<\/b> herunterzuladen.<\/p>\n<p><center><img decoding=\"async\" style=\"width:450px;\" src=\"https:\/\/www.zbw-mediatalk.eu\/wp-content\/uploads\/2020\/02\/quick-guide.jpg\" alt=\"\" \/><\/center><\/p>\n<p><center><a href='https:\/\/www.zbw-mediatalk.eu\/wp-content\/uploads\/2023\/05\/zbw-mediatalk-quickguide-de.pdf' class='eckosc eckosc_button font_alt eckosc_button_size_standard eckosc_button_position_inline eckosc_button_rounded' style='background-color:#005d95;' target='_blank'' data-color='#005d95'><i class='fa file-download'><\/i>Download (deutsch)<\/a> &nbsp;&nbsp;&nbsp;&nbsp; <a href='https:\/\/www.zbw-mediatalk.eu\/wp-content\/uploads\/2023\/05\/zbw-mediatalk-quickguide-en.pdf' class='eckosc eckosc_button font_alt eckosc_button_size_standard eckosc_button_position_inline eckosc_button_rounded' style='background-color:#005d95;' target='_blank'' data-color='#005d95'><i class='fa file-download'><\/i>Download (englisch)<\/a><\/center><\/p>\n","protected":false},"excerpt":{"rendered":"<p>Vielen Dank f\u00fcr Ihre Anmeldung! Sie erhalten nun w\u00f6chentlich den ZBW MediaTalk-Newsletter. Eine Abmeldung ist jederzeit m\u00f6glich, indem Sie den &#8220;Unsubscribe&#8221;-Link am Ende jeder Mail klicken. Hier haben Sie nun die Gelegenheit, den &#8220;Quick-Guide: Bibliothekarisches Trend-Monitoring f\u00fcr Open Science&#8221; herunterzuladen. &nbsp;&nbsp;&nbsp;&nbsp;<\/p>\n","protected":false},"author":1,"featured_media":35451,"parent":0,"menu_order":0,"comment_status":"closed","ping_status":"closed","template":"","meta":{"_has_post_settings":[],"footnotes":""},"hashtags":[],"class_list":["post-35443","page","type-page","status-publish","has-post-thumbnail","hentry"],"aioseo_notices":[],"_links":{"self":[{"href":"https:\/\/www.zbw-mediatalk.eu\/de\/wp-json\/wp\/v2\/pages\/35443","targetHints":{"allow":["GET"]}}],"collection":[{"href":"https:\/\/www.zbw-mediatalk.eu\/de\/wp-json\/wp\/v2\/pages"}],"about":[{"href":"https:\/\/www.zbw-mediatalk.eu\/de\/wp-json\/wp\/v2\/types\/page"}],"author":[{"embeddable":true,"href":"https:\/\/www.zbw-mediatalk.eu\/de\/wp-json\/wp\/v2\/users\/1"}],"replies":[{"embeddable":true,"href":"https:\/\/www.zbw-mediatalk.eu\/de\/wp-json\/wp\/v2\/comments?post=35443"}],"version-history":[{"count":4,"href":"https:\/\/www.zbw-mediatalk.eu\/de\/wp-json\/wp\/v2\/pages\/35443\/revisions"}],"predecessor-version":[{"id":47669,"href":"https:\/\/www.zbw-mediatalk.eu\/de\/wp-json\/wp\/v2\/pages\/35443\/revisions\/47669"}],"wp:featuredmedia":[{"embeddable":true,"href":"https:\/\/www.zbw-mediatalk.eu\/de\/wp-json\/wp\/v2\/media\/35451"}],"wp:attachment":[{"href":"https:\/\/www.zbw-mediatalk.eu\/de\/wp-json\/wp\/v2\/media?parent=35443"}],"wp:term":[{"taxonomy":"hashtags","embeddable":true,"href":"https:\/\/www.zbw-mediatalk.eu\/de\/wp-json\/wp\/v2\/hashtags?post=35443"}],"curies":[{"name":"wp","href":"https:\/\/api.w.org\/{rel}","templated":true}]}}