{"id":34211,"date":"2017-02-14T11:31:38","date_gmt":"2017-02-14T11:31:38","guid":{"rendered":"https:\/\/www.zbw-mediatalk.eu?page_id=34211"},"modified":"2022-07-05T06:38:34","modified_gmt":"2022-07-05T06:38:34","slug":"newsletter","status":"publish","type":"page","link":"https:\/\/www.zbw-mediatalk.eu\/de\/newsletter\/","title":{"rendered":"Newsletter-Anmeldung"},"content":{"rendered":"<p><center><img decoding=\"async\" src=\"https:\/\/www.zbw-mediatalk.eu\/wp-content\/uploads\/2020\/02\/nl-wf-1.png\" alt=\"\" width=\"400\"><\/center><\/p>\n<p>Werden Sie Teil der ZBW MediaTalk-Community! Der Newsletter pr\u00e4sentiert jede Woche den aktuellen Blogpost, stellt die News der Woche vor und informiert \u00fcber anstehende Termine aus den Bereichen Open Science und Bibliotheken. Newsletter-Abonnenten erhalten dar\u00fcber hinaus Zugriff auf den <b>\u201eQuick Guide: Bibliothekarisches Trend-Monitoring f\u00fcr Open Science\u201c<\/b> (CC-BY), eine Brosch\u00fcre, die Ihnen hilft, ein hauseigenes Trend-Monitoring auch mit begrenzten Ressourcen zu organisieren. <\/p>\n<p><center><img decoding=\"async\" src=\"https:\/\/www.zbw-mediatalk.eu\/wp-content\/uploads\/2020\/02\/nl-quick-guide-733x1024.jpg\" alt=\"\" width=\"290\" class=\"size-large wp-image-35448\" srcset=\"https:\/\/www.zbw-mediatalk.eu\/wp-content\/uploads\/2020\/02\/nl-quick-guide-733x1024.jpg 733w, https:\/\/www.zbw-mediatalk.eu\/wp-content\/uploads\/2020\/02\/nl-quick-guide-215x300.jpg 215w, https:\/\/www.zbw-mediatalk.eu\/wp-content\/uploads\/2020\/02\/nl-quick-guide-768x1073.jpg 768w, https:\/\/www.zbw-mediatalk.eu\/wp-content\/uploads\/2020\/02\/nl-quick-guide-680x950.jpg 680w, https:\/\/www.zbw-mediatalk.eu\/wp-content\/uploads\/2020\/02\/nl-quick-guide-500x699.jpg 500w, https:\/\/www.zbw-mediatalk.eu\/wp-content\/uploads\/2020\/02\/nl-quick-guide-400x559.jpg 400w, https:\/\/www.zbw-mediatalk.eu\/wp-content\/uploads\/2020\/02\/nl-quick-guide-250x349.jpg 250w, https:\/\/www.zbw-mediatalk.eu\/wp-content\/uploads\/2020\/02\/nl-quick-guide-200x280.jpg 200w, https:\/\/www.zbw-mediatalk.eu\/wp-content\/uploads\/2020\/02\/nl-quick-guide-100x140.jpg 100w, https:\/\/www.zbw-mediatalk.eu\/wp-content\/uploads\/2020\/02\/nl-quick-guide-76x106.jpg 76w, https:\/\/www.zbw-mediatalk.eu\/wp-content\/uploads\/2020\/02\/nl-quick-guide-50x70.jpg 50w, https:\/\/www.zbw-mediatalk.eu\/wp-content\/uploads\/2020\/02\/nl-quick-guide.jpg 800w\" sizes=\"(max-width: 733px) 100vw, 733px\" \/><\/center><\/p>\n<h3>Zur Anmeldung:<\/h3>\n\n\t\t\t<form id=\"sib_signup_form_1\" method=\"post\" class=\"sib_signup_form\">\n\t\t\t\t<div class=\"sib_loader\" style=\"display:none;\"><img\n\t\t\t\t\t\t\tsrc=\"https:\/\/www.zbw-mediatalk.eu\/wp-includes\/images\/spinner.gif\" alt=\"loader\"><\/div>\n\t\t\t\t<input type=\"hidden\" name=\"sib_form_action\" value=\"subscribe_form_submit\">\n\t\t\t\t<input type=\"hidden\" name=\"sib_form_id\" value=\"1\">\n                <input type=\"hidden\" name=\"sib_form_alert_notice\" value=\"Bitte Feld ausf\u00fcllen.\">\n                <input type=\"hidden\" name=\"sib_form_invalid_email_notice\" value=\"Diese E-Mail-Adresse ist nicht g\u00fcltig.\">\n                <input type=\"hidden\" name=\"sib_security\" value=\"77263fb46e\">\n\t\t\t\t<div class=\"sib_signup_box_inside_1\">\n\t\t\t\t\t<div style=\"\/*display:none*\/\" class=\"sib_msg_disp\">\n\t\t\t\t\t<\/div>\n                    \t\t\t\t\t<div class=\"newsletter_subscription\">\r\n<p class=\"sib-email-area\">\r\n    <label class=\"sib-email-area\">E-Mail-Adresse*:<\/label>\r\n    <input type=\"email\" class=\"sib-email-area-field\" name=\"email\" required=\"required\">\r\n<\/p>\r\n\r\n<p class=\"sib-OPT_IN-area\"> \r\n  <input type=\"hidden\" name=\"OPT_IN\" value=\"0\"><input type=\"checkbox\" value=\"1\" class=\"sib-OPT_IN-area\" name=\"OPT_IN\" required=\"required\">  <label class=\"sib-OPT_IN-area\">Ich habe die <a href=\"https:\/\/www.zbw-mediatalk.eu\/de\/datenschutz\/\">Datenschutzhinweise<\/a> gelesen und bin damit einverstanden.\r\n<\/label> \r\n  \r\n<\/p>\r\n\r\n<p>\r\n    <input type=\"submit\" class=\"sib-default-btn\" value=\"Newsletter abonnieren\">\r\n<\/p><br>\r\n<\/div>\r\n\r\n\r\n\t\t\t\t<\/div>\n\t\t\t<\/form>\n\t\t\t<style>\n\t\t\t\tform#sib_signup_form_1 p.sib-alert-message {\n    padding: 6px 12px;\n    margin-bottom: 20px;\n    border: 1px solid transparent;\n    border-radius: 4px;\n    -webkit-box-sizing: border-box;\n    -moz-box-sizing: border-box;\n    box-sizing: border-box;\n}\nform#sib_signup_form_1 p.sib-alert-message-error {\n    background-color: #f2dede;\n    border-color: #ebccd1;\n    color: #a94442;\n}\nform#sib_signup_form_1 p.sib-alert-message-success {\n    background-color: #dff0d8;\n    border-color: #d6e9c6;\n    color: #3c763d;\n}\nform#sib_signup_form_1 p.sib-alert-message-warning {\n    background-color: #fcf8e3;\n    border-color: #faebcc;\n    color: #8a6d3b;\n}\n\t\t\t<\/style>\n\t\t\t\n<p><em><b>Hinweis zur Abmeldung:<\/b> Um sich vom Newsletter abzumelden, finden Sie im Footer jeder versendeten Mail einen entsprechenden Abmelde-Link. Ein Klick tr\u00e4gt sie sofort aus der Liste aus. Bei weiteren Fragen zur Abmeldung stehen wir Ihnen <a href=\"https:\/\/www.zbw-mediatalk.eu\/de\/kontakt\/\">gerne zur Verf\u00fcgung<\/a>. Informationen sowie Hinweise zum Newsletter Service Provider Sendinblue finden Sie in unserer <a href=\"https:\/\/www.zbw-mediatalk.eu\/de\/datenschutz\/#newsletter\">Datenschutzerkl\u00e4rung<\/a>.<\/em><\/p>\n","protected":false},"excerpt":{"rendered":"<p>Immer auf dem Laufenden bleiben! Mit dem kostenlosen Newsletter von ZBW MediaTalk.<\/p>\n","protected":false},"author":1,"featured_media":35451,"parent":0,"menu_order":0,"comment_status":"closed","ping_status":"closed","template":"","meta":{"_has_post_settings":[],"footnotes":""},"hashtags":[],"class_list":["post-34211","page","type-page","status-publish","has-post-thumbnail","hentry"],"aioseo_notices":[],"_links":{"self":[{"href":"https:\/\/www.zbw-mediatalk.eu\/de\/wp-json\/wp\/v2\/pages\/34211","targetHints":{"allow":["GET"]}}],"collection":[{"href":"https:\/\/www.zbw-mediatalk.eu\/de\/wp-json\/wp\/v2\/pages"}],"about":[{"href":"https:\/\/www.zbw-mediatalk.eu\/de\/wp-json\/wp\/v2\/types\/page"}],"author":[{"embeddable":true,"href":"https:\/\/www.zbw-mediatalk.eu\/de\/wp-json\/wp\/v2\/users\/1"}],"replies":[{"embeddable":true,"href":"https:\/\/www.zbw-mediatalk.eu\/de\/wp-json\/wp\/v2\/comments?post=34211"}],"version-history":[{"count":4,"href":"https:\/\/www.zbw-mediatalk.eu\/de\/wp-json\/wp\/v2\/pages\/34211\/revisions"}],"predecessor-version":[{"id":44067,"href":"https:\/\/www.zbw-mediatalk.eu\/de\/wp-json\/wp\/v2\/pages\/34211\/revisions\/44067"}],"wp:featuredmedia":[{"embeddable":true,"href":"https:\/\/www.zbw-mediatalk.eu\/de\/wp-json\/wp\/v2\/media\/35451"}],"wp:attachment":[{"href":"https:\/\/www.zbw-mediatalk.eu\/de\/wp-json\/wp\/v2\/media?parent=34211"}],"wp:term":[{"taxonomy":"hashtags","embeddable":true,"href":"https:\/\/www.zbw-mediatalk.eu\/de\/wp-json\/wp\/v2\/hashtags?post=34211"}],"curies":[{"name":"wp","href":"https:\/\/api.w.org\/{rel}","templated":true}]}}