{"id":34209,"date":"2018-07-24T10:43:43","date_gmt":"2018-07-24T10:43:43","guid":{"rendered":"https:\/\/www.zbw-mediatalk.eu?page_id=34209"},"modified":"2023-12-13T14:29:59","modified_gmt":"2023-12-13T14:29:59","slug":"about-zbw-mediatalk","status":"publish","type":"page","link":"https:\/\/www.zbw-mediatalk.eu\/de\/about-zbw-mediatalk\/","title":{"rendered":"\u00dcber ZBW MediaTalk"},"content":{"rendered":"<div class='__iawmlf-post-loop-links' style='display:none;' data-iawmlf-post-links='[{&quot;id&quot;:627,&quot;href&quot;:&quot;https:\\\/\\\/openbiblio.social\\\/@ZBW_MediaTalk&quot;,&quot;archived_href&quot;:&quot;https:\\\/\\\/web-wp.archive.org\\\/web\\\/20260313162136\\\/https:\\\/\\\/openbiblio.social\\\/@ZBW_MediaTalk&quot;,&quot;redirect_href&quot;:&quot;&quot;,&quot;checks&quot;:[{&quot;date&quot;:&quot;2026-03-15 04:00:22&quot;,&quot;http_code&quot;:200},{&quot;date&quot;:&quot;2026-03-19 20:32:19&quot;,&quot;http_code&quot;:200},{&quot;date&quot;:&quot;2026-03-23 10:44:45&quot;,&quot;http_code&quot;:200},{&quot;date&quot;:&quot;2026-03-27 06:30:43&quot;,&quot;http_code&quot;:200},{&quot;date&quot;:&quot;2026-03-30 10:59:33&quot;,&quot;http_code&quot;:200},{&quot;date&quot;:&quot;2026-04-04 08:05:14&quot;,&quot;http_code&quot;:200},{&quot;date&quot;:&quot;2026-04-07 17:32:14&quot;,&quot;http_code&quot;:200}],&quot;broken&quot;:false,&quot;last_checked&quot;:{&quot;date&quot;:&quot;2026-04-07 17:32:14&quot;,&quot;http_code&quot;:200},&quot;process&quot;:&quot;done&quot;},{&quot;id&quot;:626,&quot;href&quot;:&quot;https:\\\/\\\/www.facebook.com\\\/ZBWMediaTalk&quot;,&quot;archived_href&quot;:&quot;https:\\\/\\\/web-wp.archive.org\\\/web\\\/20260309141910\\\/https:\\\/\\\/www.facebook.com\\\/ZBWMediaTalk&quot;,&quot;redirect_href&quot;:&quot;&quot;,&quot;checks&quot;:[{&quot;date&quot;:&quot;2026-03-13 14:01:44&quot;,&quot;http_code&quot;:400},{&quot;date&quot;:&quot;2026-03-17 11:10:08&quot;,&quot;http_code&quot;:400},{&quot;date&quot;:&quot;2026-03-21 10:40:26&quot;,&quot;http_code&quot;:200},{&quot;date&quot;:&quot;2026-03-24 16:00:08&quot;,&quot;http_code&quot;:400},{&quot;date&quot;:&quot;2026-03-29 09:52:26&quot;,&quot;http_code&quot;:400},{&quot;date&quot;:&quot;2026-04-01 14:48:56&quot;,&quot;http_code&quot;:400},{&quot;date&quot;:&quot;2026-04-04 16:33:59&quot;,&quot;http_code&quot;:400},{&quot;date&quot;:&quot;2026-04-07 17:32:11&quot;,&quot;http_code&quot;:400}],&quot;broken&quot;:true,&quot;last_checked&quot;:{&quot;date&quot;:&quot;2026-04-07 17:32:11&quot;,&quot;http_code&quot;:400},&quot;process&quot;:&quot;done&quot;}]'><\/div>\n<p>Open Science ver\u00e4ndert die Forschungslandschaft massiv. Wissenschaftliche Arbeitsabl\u00e4ufe werden kollaborativer, reproduzierbarer und transparenter, zudem gibt es vielf\u00e4ltige neue M\u00f6glichkeiten des wissenschaftlichen Impacts. Die Entwicklung erfolgt von zwei Punkten aus: W\u00e4hrend viele Forschende in einer Bottom-Up-Bewegung beispielsweise Praktiken im Sinne von Open Access und Open Research Data in ihren t\u00e4glichen Arbeitsroutinen anwenden, gestaltet die europ\u00e4ische Forschungspolitik gleichzeitig die Rahmenbedingungen, in denen sich Open Science entfalten kann.<\/p>\n<h4>Willkommen in der neuen Forschungswelt<\/h4>\n<p>Informationsinfrastrukturen, wie wissenschaftliche Bibliotheken und Informationszentren, spielen f\u00fcr das Gelingen dieser Transformation eine kritische Rolle. Sie sind nicht l\u00e4nger reine Vermittler in der Literatur- und Informationsversorgung, sondern ma\u00dfgebliche Treiber der Entwicklung. Sie gestalten den \u00dcbergang von traditionellen Bezahlmodellen zu weltweit offenen Zug\u00e4ngen, um Forschende schneller, besser und gerechter bei ihrer Arbeit zu unterst\u00fctzen. Sie bauen intelligente, institutions\u00fcbergreifende Repositorien f\u00fcr Open-Access-Literatur und freie Forschungsdaten, k\u00e4mpfen in Lizenzverhandlungen f\u00fcr mehr Rechte in den Wissenschaften, vermitteln Informationskompetenz und helfen bei der Vernetzung aller relevanten Interessensgruppen.<\/p>\n<h4>Das Blog<\/h4>\n<p>ZBW MediaTalk will diesen Wechsel begleiten. Das Blog wird von der ZBW \u2013 Leibniz Informationszentrum Wirtschaft betrieben, der weltweit gr\u00f6\u00dften Forschungsinfrastruktur f\u00fcr wirtschaftswissenschaftliche Literatur. Die ZBW gestaltet den Umbruch der Wissenschaft aktiv mit und bringt mit ihrer dedizierten anwendungsorientierten Forschung und wissenschaftspolitischen Abteilung neue Dynamik in die Entwicklung: im eigenen Haus, in Deutschland und in Europa.<\/p>\n<p>Das Blog zeichnet den Weg der Transformation nach. Mit recherchierten Artikeln, Gastkommentaren, Interviews, Konferenzberichten und Analysen wenden wir uns unter anderem folgenden Themen zu:<\/p>\n<ul>\n<li>Der Aufstieg von Open Access und die Entwicklung neuer Lizenzmodelle<\/li>\n<li>\u00c4nderungen im Publikationsverhalten und neue Publikationsformen<\/li>\n<li>Alternative Metriken (Altmetrics) und Belohnungssysteme f\u00fcr Forschende<\/li>\n<li>Neue Herangehensweisen wie Open Peer Review an das traditionelle Verfahren zur Qualit\u00e4tssicherung<\/li>\n<li>Wissenschaftspolitische Aspekte wie die GO-FAIR-Initiative und europ\u00e4ische Forschungspolitik <\/li>\n<li>Forschungsdateninfrastrukturen wie die European Open Science Cloud (EOSC)<\/li>\n<li>Moderne Formen der Wissenschaftskommunikation<\/li>\n<li>Die Anwendung der FAIR-Prinzipien (Findable, Accessible, Interoperable, Re-usable) f\u00fcr Forschungsdaten<\/li>\n<li>Die Transformationen des Forschungsdatenmanagements und der Open-Data-Repositorien<\/li>\n<li>Neue Forschungsmethoden und -protokolle<\/li>\n<li>Die Entwicklung und Implementierung von Open Educational Resources (OER)<\/li>\n<li>Der Einsatz neuer Technologien, wie k\u00fcnstlicher Intelligenz und Blockchain, im wissenschaftlichen Umfeld<\/li>\n<li>Neuigkeiten aus dem Leibniz-Forschungsverbund Open Science<\/li>\n<p>Gleichzeitig dient ZBW MediaTalk als Vernetzungsplattform von Akteuren und Interessierten aus den Bereichen Wissenschaft, Informationsinfrastrukturen und der Wissenschaftspolitik. Dazu unterh\u00e4lt das Blog Kan\u00e4le auf <a href=\"https:\/\/openbiblio.social\/@ZBW_MediaTalk\" rel=\"noopener\" target=\"_blank\">Mastodon<\/a> und <a href=\"https:\/\/www.facebook.com\/ZBWMediaTalk\" target=\"_blank\" rel=\"noopener noreferrer\">Facebook<\/a> und bietet einen w\u00f6chentlichen, <a href=\"https:\/\/www.zbw-mediatalk.eu\/de\/newsletter\/\">kostenlosen Newsletter<\/a> an, der die Community regelm\u00e4\u00dfig auf dem Laufenden h\u00e4lt. Gastautorinnen und -autoren sind herzlich eingeladen, eigene Beitr\u00e4ge zu ver\u00f6ffentlichen. An <a href=\"https:\/\/www.zbw-mediatalk.eu\/de\/autorin-werden\/\">dieser Stelle<\/a> k\u00f6nnen gerne Themenvorschl\u00e4ge daf\u00fcr eingereicht werden.<\/p>\n","protected":false},"excerpt":{"rendered":"<p>Das ZBW Blog \u00fcber Open Science, Informationsinfrastrukturen, Innovationen und mehr. <\/p>\n","protected":false},"author":1,"featured_media":34210,"parent":0,"menu_order":0,"comment_status":"closed","ping_status":"closed","template":"","meta":{"_has_post_settings":[],"footnotes":""},"hashtags":[],"class_list":["post-34209","page","type-page","status-publish","has-post-thumbnail","hentry"],"aioseo_notices":[],"_links":{"self":[{"href":"https:\/\/www.zbw-mediatalk.eu\/de\/wp-json\/wp\/v2\/pages\/34209","targetHints":{"allow":["GET"]}}],"collection":[{"href":"https:\/\/www.zbw-mediatalk.eu\/de\/wp-json\/wp\/v2\/pages"}],"about":[{"href":"https:\/\/www.zbw-mediatalk.eu\/de\/wp-json\/wp\/v2\/types\/page"}],"author":[{"embeddable":true,"href":"https:\/\/www.zbw-mediatalk.eu\/de\/wp-json\/wp\/v2\/users\/1"}],"replies":[{"embeddable":true,"href":"https:\/\/www.zbw-mediatalk.eu\/de\/wp-json\/wp\/v2\/comments?post=34209"}],"version-history":[{"count":4,"href":"https:\/\/www.zbw-mediatalk.eu\/de\/wp-json\/wp\/v2\/pages\/34209\/revisions"}],"predecessor-version":[{"id":46945,"href":"https:\/\/www.zbw-mediatalk.eu\/de\/wp-json\/wp\/v2\/pages\/34209\/revisions\/46945"}],"wp:featuredmedia":[{"embeddable":true,"href":"https:\/\/www.zbw-mediatalk.eu\/de\/wp-json\/wp\/v2\/media\/34210"}],"wp:attachment":[{"href":"https:\/\/www.zbw-mediatalk.eu\/de\/wp-json\/wp\/v2\/media?parent=34209"}],"wp:term":[{"taxonomy":"hashtags","embeddable":true,"href":"https:\/\/www.zbw-mediatalk.eu\/de\/wp-json\/wp\/v2\/hashtags?post=34209"}],"curies":[{"name":"wp","href":"https:\/\/api.w.org\/{rel}","templated":true}]}}