{"id":34203,"date":"2017-01-31T13:05:57","date_gmt":"2017-01-31T13:05:57","guid":{"rendered":"https:\/\/www.zbw-mediatalk.eu?page_id=34203"},"modified":"2023-05-23T08:49:13","modified_gmt":"2023-05-23T08:49:13","slug":"kontakt","status":"publish","type":"page","link":"https:\/\/www.zbw-mediatalk.eu\/de\/kontakt\/","title":{"rendered":"Kontakt"},"content":{"rendered":"<p><strong>Adressen:<\/strong><br \/> D\u00fcsternbrooker Weg 120, 24105 Kiel <br \/>Neuer Jungfernstieg 21, 20354 Hamburg<\/p>\n<p><strong>Kontakt ZBW MediaTalk:<\/strong><br \/>\nE-Mail: <a href=\"mailto:&#116;&#101;a&#109;&#64;zb&#119;-&#109;&#101;di&#97;t&#97;&#108;&#107;&#46;&#101;&#117;\" class=\"mail-link\">t&#101;&#97;&#109;&#64;&#122;b&#119;-&#109;&#101;&#100;i&#97;&#116;al&#107;.&#101;&#117;<\/a> <\/p>\n<h4>Logo: ZBW MediaTalk<\/h4>\n<div class='eckosc eckosc_column_container eckosc_column_container_two'>\n<div class='eckosc eckosc_column_item'>\n<div style=\"text-align: center;\"><b>PNG-Datei:<\/b><br \/>\n<img decoding=\"async\" style=\"width: 150px; box-shadow: rgba(0, 0, 0, 0.1) 0px 10px 15px -3px, rgba(0, 0, 0, 0.05) 0px 4px 6px -2px; margin-bottom: 20px;\" src=\"https:\/\/www.zbw-mediatalk.eu\/wp-content\/uploads\/2023\/05\/zbw-mediatalk-logo.png\" \/><br \/><a style=\"background-color: #005d95;\n color: #fff;\n font-family: Arial;\n font-size: 12px;\n font-weight: 600;\n font-style: normal;\n text-decoration: none;\n padding: 4px 15px;\n border-radius: 50px;\n display: inline-block;\" href=\"https:\/\/www.zbw-mediatalk.eu\/wp-content\/uploads\/2023\/05\/zbw-mediatalk-logo.png\">Download<\/a>\n<\/div>\n<\/div>\n<div class='eckosc eckosc_column_item'>\n<div style=\"text-align: center;\"><b>EPS-Datei (gezippt):<\/b><br \/>\n<img decoding=\"async\" style=\"width: 150px; box-shadow: rgba(0, 0, 0, 0.1) 0px 10px 15px -3px, rgba(0, 0, 0, 0.05) 0px 4px 6px -2px; margin-bottom: 20px;\" src=\"https:\/\/www.zbw-mediatalk.eu\/wp-content\/uploads\/2023\/05\/zbw-mediatalk-logo.png\" \/><br \/><a style=\"background-color: #005d95;\n color: #fff;\n font-family: Arial;\n font-size: 12px;\n font-weight: 600;\n font-style: normal;\n text-decoration: none;\n padding: 4px 15px;\n border-radius: 50px;\n display: inline-block;\" href=\"https:\/\/www.zbw-mediatalk.eu\/wp-content\/uploads\/2023\/05\/zbw-mediatalk-logo-eps.zip\">Download<\/a>\n<\/div>\n<\/div>\n<\/div>\n","protected":false},"excerpt":{"rendered":"<p>Haben Sie Fragen, Kritik, Anregungen oder m\u00f6chten eine Veranstaltung f\u00fcr den Kalender vorschlagen? Z\u00f6gern Sie nicht und nehmen Sie Kontakt mit uns auf!<\/p>\n","protected":false},"author":1,"featured_media":46040,"parent":0,"menu_order":0,"comment_status":"closed","ping_status":"closed","template":"","meta":{"_has_post_settings":[],"footnotes":""},"hashtags":[],"class_list":["post-34203","page","type-page","status-publish","has-post-thumbnail","hentry"],"aioseo_notices":[],"_links":{"self":[{"href":"https:\/\/www.zbw-mediatalk.eu\/de\/wp-json\/wp\/v2\/pages\/34203","targetHints":{"allow":["GET"]}}],"collection":[{"href":"https:\/\/www.zbw-mediatalk.eu\/de\/wp-json\/wp\/v2\/pages"}],"about":[{"href":"https:\/\/www.zbw-mediatalk.eu\/de\/wp-json\/wp\/v2\/types\/page"}],"author":[{"embeddable":true,"href":"https:\/\/www.zbw-mediatalk.eu\/de\/wp-json\/wp\/v2\/users\/1"}],"replies":[{"embeddable":true,"href":"https:\/\/www.zbw-mediatalk.eu\/de\/wp-json\/wp\/v2\/comments?post=34203"}],"version-history":[{"count":10,"href":"https:\/\/www.zbw-mediatalk.eu\/de\/wp-json\/wp\/v2\/pages\/34203\/revisions"}],"predecessor-version":[{"id":46134,"href":"https:\/\/www.zbw-mediatalk.eu\/de\/wp-json\/wp\/v2\/pages\/34203\/revisions\/46134"}],"wp:featuredmedia":[{"embeddable":true,"href":"https:\/\/www.zbw-mediatalk.eu\/de\/wp-json\/wp\/v2\/media\/46040"}],"wp:attachment":[{"href":"https:\/\/www.zbw-mediatalk.eu\/de\/wp-json\/wp\/v2\/media?parent=34203"}],"wp:term":[{"taxonomy":"hashtags","embeddable":true,"href":"https:\/\/www.zbw-mediatalk.eu\/de\/wp-json\/wp\/v2\/hashtags?post=34203"}],"curies":[{"name":"wp","href":"https:\/\/api.w.org\/{rel}","templated":true}]}}