{"id":34199,"date":"2017-03-01T09:42:18","date_gmt":"2017-03-01T09:42:18","guid":{"rendered":"https:\/\/www.zbw-mediatalk.eu?page_id=34199"},"modified":"2021-04-30T12:07:57","modified_gmt":"2021-04-30T12:07:57","slug":"autorin-werden","status":"publish","type":"page","link":"https:\/\/www.zbw-mediatalk.eu\/de\/autorin-werden\/","title":{"rendered":"Gastautorin, Gastautor f\u00fcr ZBW MediaTalk werden"},"content":{"rendered":"<div class='__iawmlf-post-loop-links' style='display:none;' data-iawmlf-post-links='[{&quot;id&quot;:1933,&quot;href&quot;:&quot;https:\\\/\\\/creativecommons.org\\\/licenses\\\/by\\\/4.0\\\/deed.de&quot;,&quot;archived_href&quot;:&quot;https:\\\/\\\/web-wp.archive.org\\\/web\\\/20260306081215\\\/https:\\\/\\\/creativecommons.org\\\/licenses\\\/by\\\/4.0\\\/deed.de&quot;,&quot;redirect_href&quot;:&quot;&quot;,&quot;checks&quot;:[{&quot;date&quot;:&quot;2026-03-17 11:05:09&quot;,&quot;http_code&quot;:206},{&quot;date&quot;:&quot;2026-03-21 12:30:39&quot;,&quot;http_code&quot;:206},{&quot;date&quot;:&quot;2026-03-25 04:10:16&quot;,&quot;http_code&quot;:206},{&quot;date&quot;:&quot;2026-03-28 18:10:10&quot;,&quot;http_code&quot;:503},{&quot;date&quot;:&quot;2026-04-01 08:56:20&quot;,&quot;http_code&quot;:206},{&quot;date&quot;:&quot;2026-04-07 16:51:32&quot;,&quot;http_code&quot;:206},{&quot;date&quot;:&quot;2026-04-10 20:57:04&quot;,&quot;http_code&quot;:206},{&quot;date&quot;:&quot;2026-04-14 12:29:54&quot;,&quot;http_code&quot;:206}],&quot;broken&quot;:false,&quot;last_checked&quot;:{&quot;date&quot;:&quot;2026-04-14 12:29:54&quot;,&quot;http_code&quot;:206},&quot;process&quot;:&quot;done&quot;}]'><\/div>\n<p>Gerne ver\u00f6ffentlichen wir Blog-Beitr\u00e4ge von Gastautorinnen und Gastautoren auf ZBW MediaTalk, um so auch Erfahrungen und Ansichten anderer f\u00fcr unsere Leserinnen und Leser zug\u00e4nglich zu machen. Es reicht, wenn Sie uns daf\u00fcr Ihren Text zur Verf\u00fcgung stellen. Die visuelle Gestaltung \u00fcbernehmen wir gerne f\u00fcr Sie. Alle Beitr\u00e4ge lesen wir zudem gegen und geben eventuell \u00c4nderungsempfehlungen vor der Ver\u00f6ffentlichung. Wir sorgen des Weiteren daf\u00fcr, dass alle Blog-Beitr\u00e4ge \u00fcber unsere Kan\u00e4le bei Twitter und Facebook eine gro\u00dfe Verbreitung erfahren.<\/p>\n<p>Wenn Sie einen Beitrag auf ZBW MediaTalk ver\u00f6ffentlichen m\u00f6chten, so sollte er hier erstver\u00f6ffentlicht werden, also kein Duplicate Content sein. Er muss von Ihnen selbst verfasst sein und darf keine Urheberrechte\/Copyright verletzen. Es darf sich dabei zudem um keinen Werbetext handeln, sondern er sollte unseren Leserinnen und Lesern einen Mehrwert bieten. Bitte beachten Sie, dass die Inhalte bei ZBW MediaTalk standardm\u00e4\u00dfig unter der <a href=\"https:\/\/creativecommons.org\/licenses\/by\/4.0\/deed.de\" target=\"_blank\" rel=\"noopener noreferrer\">Creative Commons-Lizenz BY 4.0<\/a> lizenziert werden.<\/p>\n<h4>Nun freuen wir uns auf Ihre Ideen!<\/h4>\n<p>Bitte geben Sie ein paar Informationen zu sich und Ihrer Beitragsidee in das unten stehende Formular ein:<\/p>\n\n<div class=\"wpcf7 no-js\" id=\"wpcf7-f28183-o1\" lang=\"en-US\" dir=\"ltr\" data-wpcf7-id=\"28183\">\n<div class=\"screen-reader-response\"><p role=\"status\" aria-live=\"polite\" aria-atomic=\"true\"><\/p> <ul><\/ul><\/div>\n<form action=\"\/de\/wp-json\/wp\/v2\/pages\/34199#wpcf7-f28183-o1\" method=\"post\" class=\"wpcf7-form init\" aria-label=\"Contact form\" novalidate=\"novalidate\" data-status=\"init\">\n<fieldset class=\"hidden-fields-container\"><input type=\"hidden\" name=\"_wpcf7\" value=\"28183\" \/><input type=\"hidden\" name=\"_wpcf7_version\" value=\"6.1.5\" \/><input type=\"hidden\" name=\"_wpcf7_locale\" value=\"en_US\" \/><input type=\"hidden\" name=\"_wpcf7_unit_tag\" value=\"wpcf7-f28183-o1\" \/><input type=\"hidden\" name=\"_wpcf7_container_post\" value=\"0\" \/><input type=\"hidden\" name=\"_wpcf7_posted_data_hash\" value=\"\" \/>\n<\/fieldset>\n<p><label> <b>Name<\/b> (Pflichtfeld):<br \/>\n<span class=\"wpcf7-form-control-wrap\" data-name=\"your-name\"><input size=\"40\" maxlength=\"400\" class=\"wpcf7-form-control wpcf7-text wpcf7-validates-as-required\" aria-required=\"true\" aria-invalid=\"false\" value=\"\" type=\"text\" name=\"your-name\" \/><\/span> <\/label>\n<\/p>\n<p><label> <b>E-Mail-Adresse<\/b> (Pflichtfeld):<br \/>\n<span class=\"wpcf7-form-control-wrap\" data-name=\"your-email\"><input size=\"40\" maxlength=\"400\" class=\"wpcf7-form-control wpcf7-email wpcf7-validates-as-required wpcf7-text wpcf7-validates-as-email\" aria-required=\"true\" aria-invalid=\"false\" value=\"\" type=\"email\" name=\"your-email\" \/><\/span> <\/label>\n<\/p>\n<p><label> <b>Beruf \/ Position in Unternehmen oder Organisation:<\/b><br \/>\n<span class=\"wpcf7-form-control-wrap\" data-name=\"your-job\"><input size=\"40\" maxlength=\"400\" class=\"wpcf7-form-control wpcf7-text\" aria-invalid=\"false\" value=\"\" type=\"text\" name=\"your-job\" \/><\/span> <\/label>\n<\/p>\n<p><label> <b>Name des Unternehmens oder der Organisation:<\/b><br \/>\n<span class=\"wpcf7-form-control-wrap\" data-name=\"your-employer\"><input size=\"40\" maxlength=\"400\" class=\"wpcf7-form-control wpcf7-text\" aria-invalid=\"false\" value=\"\" type=\"text\" name=\"your-employer\" \/><\/span> <\/label>\n<\/p>\n<p><label> <b>Themenkomplex:<\/b><br \/>\n<span class=\"wpcf7-form-control-wrap\" data-name=\"menu-257\"><select class=\"wpcf7-form-control wpcf7-select\" aria-invalid=\"false\" multiple=\"multiple\" name=\"menu-257[]\"><option value=\"Web\">Web<\/option><option value=\"Open Science\">Open Science<\/option><option value=\"Open Access\">Open Access<\/option><option value=\"Wissenschaftspolitische Beratung\">Wissenschaftspolitische Beratung<\/option><option value=\"Innovationsmanagement\">Innovationsmanagement<\/option><option value=\"Anderes\">Anderes<\/option><\/select><\/span><\/label>\n<\/p>\n<p><label> <b>Ihre Idee f\u00fcr den Gastbeitrag:<\/b><br \/>\n<span class=\"wpcf7-form-control-wrap\" data-name=\"your-idea\"><textarea cols=\"81\" rows=\"10\" maxlength=\"2000\" class=\"wpcf7-form-control wpcf7-textarea\" aria-invalid=\"false\" name=\"your-idea\"><\/textarea><\/span> <\/label>\n<\/p>\n<p><span id=\"wpcf7-69e15029a5a75-wrapper\" class=\"wpcf7-form-control-wrap website-wrap\" style=\"display:none !important; visibility:hidden !important;\"><label for=\"wpcf7-69e15029a5a75-field\" class=\"hp-message\">Please leave this field empty.<\/label><input id=\"wpcf7-69e15029a5a75-field\"  class=\"wpcf7-form-control wpcf7-text\" type=\"text\" name=\"website\" value=\"\" size=\"40\" tabindex=\"-1\" autocomplete=\"new-password\" \/><\/span><br \/>\n<input class=\"wpcf7-form-control wpcf7-submit has-spinner\" type=\"submit\" value=\"Senden\" \/>\n<\/p><div class=\"wpcf7-response-output\" aria-hidden=\"true\"><\/div>\n<\/form>\n<\/div>\n\n<p>&nbsp;<\/p>\n","protected":false},"excerpt":{"rendered":"<p>Sie w\u00fcrden gerne Ihr Wissen und Ihre Erfahrungen rund um die Themenbereiche Open Science, Bibliotheksinnovationen, Social Media oder neue Technologien teilen?<\/p>\n","protected":false},"author":1,"featured_media":34200,"parent":0,"menu_order":0,"comment_status":"closed","ping_status":"closed","template":"","meta":{"_has_post_settings":[],"footnotes":""},"hashtags":[],"class_list":["post-34199","page","type-page","status-publish","has-post-thumbnail","hentry"],"aioseo_notices":[],"_links":{"self":[{"href":"https:\/\/www.zbw-mediatalk.eu\/de\/wp-json\/wp\/v2\/pages\/34199","targetHints":{"allow":["GET"]}}],"collection":[{"href":"https:\/\/www.zbw-mediatalk.eu\/de\/wp-json\/wp\/v2\/pages"}],"about":[{"href":"https:\/\/www.zbw-mediatalk.eu\/de\/wp-json\/wp\/v2\/types\/page"}],"author":[{"embeddable":true,"href":"https:\/\/www.zbw-mediatalk.eu\/de\/wp-json\/wp\/v2\/users\/1"}],"replies":[{"embeddable":true,"href":"https:\/\/www.zbw-mediatalk.eu\/de\/wp-json\/wp\/v2\/comments?post=34199"}],"version-history":[{"count":1,"href":"https:\/\/www.zbw-mediatalk.eu\/de\/wp-json\/wp\/v2\/pages\/34199\/revisions"}],"predecessor-version":[{"id":38872,"href":"https:\/\/www.zbw-mediatalk.eu\/de\/wp-json\/wp\/v2\/pages\/34199\/revisions\/38872"}],"wp:featuredmedia":[{"embeddable":true,"href":"https:\/\/www.zbw-mediatalk.eu\/de\/wp-json\/wp\/v2\/media\/34200"}],"wp:attachment":[{"href":"https:\/\/www.zbw-mediatalk.eu\/de\/wp-json\/wp\/v2\/media?parent=34199"}],"wp:term":[{"taxonomy":"hashtags","embeddable":true,"href":"https:\/\/www.zbw-mediatalk.eu\/de\/wp-json\/wp\/v2\/hashtags?post=34199"}],"curies":[{"name":"wp","href":"https:\/\/api.w.org\/{rel}","templated":true}]}}