{"id":34192,"date":"2017-01-31T13:03:10","date_gmt":"2017-01-31T13:03:10","guid":{"rendered":"https:\/\/www.zbw-mediatalk.eu?page_id=34192"},"modified":"2025-11-03T10:08:52","modified_gmt":"2025-11-03T10:08:52","slug":"datenschutz","status":"publish","type":"page","link":"https:\/\/www.zbw-mediatalk.eu\/de\/datenschutz\/","title":{"rendered":"Datenschutz"},"content":{"rendered":"<div class='__iawmlf-post-loop-links' style='display:none;' data-iawmlf-post-links='[{&quot;id&quot;:5458,&quot;href&quot;:&quot;https:\\\/\\\/www.etracker.com\\\/datenschutz&quot;,&quot;archived_href&quot;:&quot;&quot;,&quot;redirect_href&quot;:&quot;&quot;,&quot;checks&quot;:[],&quot;broken&quot;:false,&quot;last_checked&quot;:null,&quot;process&quot;:&quot;done&quot;},{&quot;id&quot;:4587,&quot;href&quot;:&quot;https:\\\/\\\/de-de.facebook.com\\\/policy.php&quot;,&quot;archived_href&quot;:&quot;https:\\\/\\\/web-wp.archive.org\\\/web\\\/20240517211614\\\/https:\\\/\\\/de-de.facebook.com\\\/policy.php&quot;,&quot;redirect_href&quot;:&quot;&quot;,&quot;checks&quot;:[{&quot;date&quot;:&quot;2026-03-14 14:23:26&quot;,&quot;http_code&quot;:400},{&quot;date&quot;:&quot;2026-03-18 05:32:39&quot;,&quot;http_code&quot;:400},{&quot;date&quot;:&quot;2026-03-25 08:14:27&quot;,&quot;http_code&quot;:400},{&quot;date&quot;:&quot;2026-04-01 05:05:40&quot;,&quot;http_code&quot;:400}],&quot;broken&quot;:true,&quot;last_checked&quot;:{&quot;date&quot;:&quot;2026-04-01 05:05:40&quot;,&quot;http_code&quot;:400},&quot;process&quot;:&quot;done&quot;},{&quot;id&quot;:4588,&quot;href&quot;:&quot;https:\\\/\\\/www.facebook.com\\\/legal\\\/controller_addendum&quot;,&quot;archived_href&quot;:&quot;https:\\\/\\\/web-wp.archive.org\\\/web\\\/20260309062921\\\/https:\\\/\\\/www.facebook.com\\\/legal\\\/controller_addendum&quot;,&quot;redirect_href&quot;:&quot;&quot;,&quot;checks&quot;:[{&quot;date&quot;:&quot;2026-03-14 14:23:31&quot;,&quot;http_code&quot;:400},{&quot;date&quot;:&quot;2026-03-18 05:32:39&quot;,&quot;http_code&quot;:400},{&quot;date&quot;:&quot;2026-03-25 08:14:27&quot;,&quot;http_code&quot;:400},{&quot;date&quot;:&quot;2026-04-01 05:05:40&quot;,&quot;http_code&quot;:400}],&quot;broken&quot;:true,&quot;last_checked&quot;:{&quot;date&quot;:&quot;2026-04-01 05:05:40&quot;,&quot;http_code&quot;:400},&quot;process&quot;:&quot;done&quot;},{&quot;id&quot;:4589,&quot;href&quot;:&quot;https:\\\/\\\/www.facebook.com\\\/legal\\\/terms\\\/information_about_page_insights_data&quot;,&quot;archived_href&quot;:&quot;https:\\\/\\\/web-wp.archive.org\\\/web\\\/20260310192405\\\/https:\\\/\\\/www.facebook.com\\\/legal\\\/terms\\\/information_about_page_insights_data&quot;,&quot;redirect_href&quot;:&quot;&quot;,&quot;checks&quot;:[{&quot;date&quot;:&quot;2026-03-14 14:23:33&quot;,&quot;http_code&quot;:400},{&quot;date&quot;:&quot;2026-03-18 05:32:38&quot;,&quot;http_code&quot;:400},{&quot;date&quot;:&quot;2026-03-25 08:14:28&quot;,&quot;http_code&quot;:400},{&quot;date&quot;:&quot;2026-04-01 05:05:40&quot;,&quot;http_code&quot;:400},{&quot;date&quot;:&quot;2026-04-07 05:26:04&quot;,&quot;http_code&quot;:400}],&quot;broken&quot;:true,&quot;last_checked&quot;:{&quot;date&quot;:&quot;2026-04-07 05:26:04&quot;,&quot;http_code&quot;:400},&quot;process&quot;:&quot;done&quot;},{&quot;id&quot;:4590,&quot;href&quot;:&quot;https:\\\/\\\/staatsbibliothek-berlin.de\\\/die-staatsbibliothek\\\/abteilungen\\\/idm&quot;,&quot;archived_href&quot;:&quot;&quot;,&quot;redirect_href&quot;:&quot;&quot;,&quot;checks&quot;:[],&quot;broken&quot;:false,&quot;last_checked&quot;:null,&quot;process&quot;:&quot;done&quot;},{&quot;id&quot;:1321,&quot;href&quot;:&quot;https:\\\/\\\/openbiblio.social\\\/about\\\/more&quot;,&quot;archived_href&quot;:&quot;&quot;,&quot;redirect_href&quot;:&quot;https:\\\/\\\/openbiblio.social\\\/about&quot;,&quot;checks&quot;:[],&quot;broken&quot;:false,&quot;last_checked&quot;:null,&quot;process&quot;:&quot;done&quot;},{&quot;id&quot;:4591,&quot;href&quot;:&quot;https:\\\/\\\/openbiblio.social\\\/terms&quot;,&quot;archived_href&quot;:&quot;https:\\\/\\\/web-wp.archive.org\\\/web\\\/20221109014002\\\/https:\\\/\\\/openbiblio.social\\\/terms&quot;,&quot;redirect_href&quot;:&quot;&quot;,&quot;checks&quot;:[{&quot;date&quot;:&quot;2026-03-14 14:23:49&quot;,&quot;http_code&quot;:200},{&quot;date&quot;:&quot;2026-03-18 05:32:46&quot;,&quot;http_code&quot;:200},{&quot;date&quot;:&quot;2026-03-25 08:14:31&quot;,&quot;http_code&quot;:200},{&quot;date&quot;:&quot;2026-04-01 05:05:42&quot;,&quot;http_code&quot;:200},{&quot;date&quot;:&quot;2026-04-07 05:26:06&quot;,&quot;http_code&quot;:200}],&quot;broken&quot;:false,&quot;last_checked&quot;:{&quot;date&quot;:&quot;2026-04-07 05:26:06&quot;,&quot;http_code&quot;:200},&quot;process&quot;:&quot;done&quot;},{&quot;id&quot;:4592,&quot;href&quot;:&quot;https:\\\/\\\/policies.google.com\\\/privacy&quot;,&quot;archived_href&quot;:&quot;https:\\\/\\\/web-wp.archive.org\\\/web\\\/20260314093301\\\/https:\\\/\\\/policies.google.com\\\/privacy&quot;,&quot;redirect_href&quot;:&quot;&quot;,&quot;checks&quot;:[{&quot;date&quot;:&quot;2026-03-14 14:24:26&quot;,&quot;http_code&quot;:200},{&quot;date&quot;:&quot;2026-03-18 05:32:38&quot;,&quot;http_code&quot;:200},{&quot;date&quot;:&quot;2026-03-25 08:14:28&quot;,&quot;http_code&quot;:200},{&quot;date&quot;:&quot;2026-03-31 19:17:47&quot;,&quot;http_code&quot;:200},{&quot;date&quot;:&quot;2026-04-07 05:26:03&quot;,&quot;http_code&quot;:200}],&quot;broken&quot;:false,&quot;last_checked&quot;:{&quot;date&quot;:&quot;2026-04-07 05:26:03&quot;,&quot;http_code&quot;:200},&quot;process&quot;:&quot;done&quot;},{&quot;id&quot;:5459,&quot;href&quot;:&quot;https:\\\/\\\/x.com\\\/de\\\/privacy&quot;,&quot;archived_href&quot;:&quot;&quot;,&quot;redirect_href&quot;:&quot;&quot;,&quot;checks&quot;:[],&quot;broken&quot;:false,&quot;last_checked&quot;:null,&quot;process&quot;:&quot;done&quot;},{&quot;id&quot;:5460,&quot;href&quot;:&quot;https:\\\/\\\/de.sendinblue.com\\\/legal\\\/privacypolicy&quot;,&quot;archived_href&quot;:&quot;https:\\\/\\\/web-wp.archive.org\\\/web\\\/20230501004329\\\/https:\\\/\\\/de.sendinblue.com\\\/legal\\\/privacypolicy\\\/&quot;,&quot;redirect_href&quot;:&quot;&quot;,&quot;checks&quot;:[{&quot;date&quot;:&quot;2026-03-27 12:06:45&quot;,&quot;http_code&quot;:200},{&quot;date&quot;:&quot;2026-03-31 19:17:47&quot;,&quot;http_code&quot;:200}],&quot;broken&quot;:false,&quot;last_checked&quot;:{&quot;date&quot;:&quot;2026-03-31 19:17:47&quot;,&quot;http_code&quot;:200},&quot;process&quot;:&quot;done&quot;}]'><\/div>\n<h2>Datenschutzhinweise<\/h2>\n<p>Der Schutz Ihrer Privatsph\u00e4re bei der Nutzung unserer Webseiten ist uns wichtig. Im Folgenden informieren wir Sie \u00fcber die Erhebung personenbezogener Daten in diesem Zusammenhang. Personenbezogene Daten sind alle Daten, die auf Sie pers\u00f6nlich beziehbar sind, z.\u2009B. Name, Adresse, E-Mail-Adressen, Nutzerverhalten. Wir verarbeiten personenbezogene Daten unter Beachtung der DSGVO, des LDSG Schleswig-Holstein sowie weiterer ggf. anwendbarer Datenschutzvorschriften. Die ZBW beh\u00e4lt sich vor diese Datenschutzhinweise von Zeit zu Zeit zu aktualisieren. Wir empfehlen daher, diese Hinweise in regelm\u00e4\u00dfigen Abst\u00e4nden zur Kenntnis zu nehmen.<\/p>\n<h4>Kontaktdaten<\/h4>\n<p>Verantwortlich gem. Art. 4 Abs. 7 EU-Datenschutz-Grundverordnung (DSGVO) ist die:<\/p>\n<p>ZBW \u2013 Leibniz-Informationszentrum Wirtschaft<br \/>\nD\u00fcsternbrooker Weg 120<br \/>\n24105 Kiel<br \/>\nE-Mail: <a href=\"mailto:zbw@zbw.eu\">zbw@zbw.eu<\/a><\/p>\n<p>Weitere Informationen entnehmen Sie bitte unserem <a href=\"https:\/\/www.zbw-mediatalk.eu\/de\/impressum\/\">Impressum<\/a>.<\/p>\n<h4>Datenschutzbeauftragter<\/h4>\n<p>Sollten Sie Fragen zum Datenschutz haben, wenden Sie sich bitte an unseren Datenschutzbeauftragten<\/p>\n<p>Sven Markgraf<br \/>\n-Datenschutzbeauftragter-<br \/>\nNeuer Jungfernstieg 21<br \/>\n20354 Hamburg<br \/>\nE-Mail: <a href=\"mailto:datenschutz@zbw.eu\">datenschutz@zbw.eu<\/a><\/p>\n<h4>Ihre Rechte<\/h4>\n<p>Gem\u00e4\u00df DSGVO haben Sie folgende Rechte in Bezug auf die Verarbeitung Ihrer<br \/>\npersonenbezogenen Daten:<\/p>\n<ul>\n<li>Auskunftsrecht (Art. 15 DSGVO)<\/li>\n<li>Recht auf Berichtigung (Art. 16 DSGVO)<\/li>\n<li>Recht auf L\u00f6schung (Art. 17 DSGVO)<\/li>\n<li>Recht auf Einschr\u00e4nkung der Verarbeitung (Art. 18 DSGVO)<\/li>\n<li>Recht auf Daten\u00fcbertragbarkeit (Art. 20 DSGVO)<\/li>\n<li>Widerspruchsrecht (Art. 21 DSGVO)<\/li>\n<li>Recht auf Beschwerde bei einer Aufsichtsbeh\u00f6rde (Art. 77 DSGVO)<\/li>\n<\/ul>\n<p>Einwilligungen in die Datenverarbeitung gelten unbegrenzt, Sie k\u00f6nnen Ihre Einwilligungen in die Datenverarbeitung jedoch jederzeit ohne Angabe von Gr\u00fcnden mit Wirkung f\u00fcr die Zukunft in Textform widerrufen, ohne dass Ihnen dadurch ein Nachteil entsteht.<\/p>\n<h4>Allgemeines<\/h4>\n<p>Die Nutzung unserer Webseite ist in der Regel ohne Angabe personenbezogener Daten m\u00f6glich. Soweit auf unseren Seiten personenbezogene Daten (beispielsweise Name, Anschrift oder E-Mail-Adressen) erhoben werden, erfolgt dies, soweit m\u00f6glich, stets auf freiwilliger Basis. Diese Daten werden ohne Ihre ausdr\u00fcckliche Zustimmung nicht an Dritte weitergegeben.<\/p>\n<p>Wir weisen darauf hin, dass die Daten\u00fcbertragung im Internet (z.B. bei der Kommunikation per E-Mail) Sicherheitsl\u00fccken aufweisen kann. Ein l\u00fcckenloser Schutz der Daten vor dem Zugriff durch Dritte ist nicht m\u00f6glich.<\/p>\n<h4>Kontaktformular<\/h4>\n<p>Wenn Sie uns per Kontaktformular Anfragen zukommen lassen, werden Ihre Angaben aus dem Anfrageformular inklusive der von Ihnen dort angegebenen Kontaktdaten zwecks Bearbeitung der Anfrage und f\u00fcr den Fall von Anschlussfragen bei uns gespeichert. Diese Daten geben wir nicht ohne Ihre Einwilligung weiter.<\/p>\n<h4>Datenschutzerkl\u00e4rung f\u00fcr die Nutzung von Etracker<\/h4>\n<p>Die ZBW nutzt auf dieser Webseite den Dienst etracker zur Analyse von Nutzungsdaten. Dieser Dienst ist so konfiguriert, dass standardm\u00e4\u00dfig keine Cookies f\u00fcr die Analyse verwendet werden. Die Verarbeitung der Daten ist zur Optimierung dieser Webseite notwendig und erfolgt auf Basis des Art. 6 Abs. 1 lit. f DSGVO. Daten, die einen Bezug zu einzelnen Personen zulassen, werden so fr\u00fch wie m\u00f6glich anonymisiert oder pseudonymisiert. Eine andere Verwendung, Zusammenf\u00fchrung mit anderen Daten oder eine Weitergabe an Dritte erfolgt nicht.<\/p>\n<p>Um Ausk\u00fcnfte von dem Anbieter zu erhalten oder um Ihre Rechte gegen\u00fcber dem Anbieter einzufordern, wenden Sie sich bitte direkt an den Anbieter:<br \/>\n<b>etracker GmbH<\/b><br \/>\nKontakt: etracker GmbH, Erste Brunnenstra\u00dfe 1, 20459 Hamburg<br \/>\nDatenschutzerkl\u00e4rung: <a href=\"https:\/\/www.etracker.com\/datenschutz\/\">https:\/\/www.etracker.com\/datenschutz<\/a><br \/>\nDie Firma etracker GmbH verarbeitet die Nutzungsdaten im Auftrag der ZBW ausschlie\u00dflich in deutschen Rechenzentren.<\/p>\n<p>Sie k\u00f6nnen der beschriebenen Datenverarbeitung zum Zwecke der Optimierung dieser Webseite widersprechen, ohne dass Ihnen dadurch Nachteile entstehen.<\/p>\n<div class=\"eTrackerTrackingAllowed\"><a id=\"et-opt-out\" href=\"#\" data-tld=\"www.zbw-mediatalk.eu\" data-language=\"de\">eTracker<\/a><\/div>\n<h4>Social Media-Pr\u00e4senzen<\/h4>\n<p>Aufgrund ihres gesetzlichen Auftrags unterh\u00e4lt die ZBW enge Beziehungen zu wissenschaftlichen Institutionen, zu Wissenschaftlerinnen und Wissenschaftlern des In- und Auslandes, zur Wirtschaftspraxis und zu nationalen und internationalen Einrichtungen der Forschung und Informationsvermittlung.<\/p>\n<p>Die ZBW ist daher auch in Social Media-Netzwerken aktiv, um dort mit der Zielgruppe in Kontakt zu treten, sie dort auf unsere Dienstleitungen hinzuweisen und Informationen mit ihnen zu teilen.<\/p>\n<p>Speziell f\u00fcr die Nutzung der Anbieter, die ihren Sitz nicht in der EU haben, schreibt die Datenschutzgrundverordnung (DSGVO) rechtliche Standards vor. In diesen F\u00e4llen werden Ihre personenbezogenen Daten ggfs. in die USA \u00fcbertragen und dort verarbeitet.<\/p>\n<p>In der Regel nutzen die Anbieter personenbezogene Daten f\u00fcr Marktforschungs- und Werbezwecke. Dabei k\u00f6nnen z.B. Cookies auf Ihrem Rechner gespeichert werden, die Ihr Nutzungsverhalten aufzeichnen, aus dem dann Nutzungsprofile erstellt werden. Wenn Sie vor dem Seitenaufruf in einem der Netzwerke angemeldet sind, so kann Ihr Nutzungsverhalten auch mit Ihrem jeweiligen Konto verkn\u00fcpft werden.<\/p>\n<p>Im Folgenden listen wir die von uns f\u00fcr diese Seite genutzten Social Media-Netzwerke auf, verweisen auf deren Datenschutzerkl\u00e4rungen und weisen ggfs. auf Vereinbarungen mit den Anbietern hin. Um Ausk\u00fcnfte von den Anbietern zu erhalten oder um Ihre Rechte gegen\u00fcber den Anbietern einzufordern, wenden Sie sich bitte direkt an die Anbieter:<\/p>\n<p><strong>Facebook<br \/>\n<\/strong>Kontakt: Facebook Inc., 1 Hacker Way, Menlo Park, California 94025, USA<br \/>\nDatenschutzerkl\u00e4rung: <a href=\"https:\/\/de-de.facebook.com\/policy.php\">https:\/\/de-de.facebook.com\/policy.php<\/a><br \/>\nDie ZBW ist gemeinsam mit Facebook f\u00fcr die Verarbeitung Ihrer personenbezogenen Daten verantwortlich. Die Vereinbarung \u00fcber die Aufteilung der Verantwortung finden Sie hier: <a href=\"https:\/\/www.facebook.com\/legal\/controller_addendum\">https:\/\/www.facebook.com\/legal\/controller_addendum<\/a><br \/>\nInformationen zu Seiten-Insights-Daten finden Sie hier:<br \/>\n<a href=\"https:\/\/www.facebook.com\/legal\/terms\/information_about_page_insights_data\">https:\/\/www.facebook.com\/legal\/terms\/information_about_page_insights_data<\/a><\/p>\n<p><strong>Mastodon<br \/>\n<\/strong>Die ZBW nutzt die Mastodon Instanz Openbiblio.Social, die technisch von der IT der Staatsbibliothek zu Berlin betreut wird: <a href=\"https:\/\/staatsbibliothek-berlin.de\/die-staatsbibliothek\/abteilungen\/idm\">https:\/\/staatsbibliothek-berlin.de\/die-staatsbibliothek\/abteilungen\/idm<\/a><br \/>\nKontakt: <a href=\"https:\/\/openbiblio.social\/about\/more\">https:\/\/openbiblio.social\/about\/more<\/a><br \/>\nDatenschutzerkl\u00e4rung: <a href=\"https:\/\/openbiblio.social\/terms\">https:\/\/openbiblio.social\/terms<\/a><\/p>\n<p><strong>YouTube<br \/>\n<\/strong>Kontakt: YouTube, LLC, 901 Cherry Ave., San Bruno, CA 94066, USA<br \/>\nDatenschutzerkl\u00e4rung: <a href=\"https:\/\/policies.google.com\/privacy\">https:\/\/policies.google.com\/privacy<\/a><\/p>\n<p><strong>X<br \/>\n<\/strong>Kontakt: X Inc., 1355 Market Street, Suite 900, San Francisco, CA 94103, USA<br \/>\nDatenschutzerkl\u00e4rung: <\/a><a href=\"https:\/\/x.com\/de\/privacy\" target=\"_blank\" rel=\"noopener\">https:\/\/x.com\/de\/privacy<\/a><\/p>\n<p><a name=\"newsletter\"><\/a><\/p>\n<h4>Newsletterversand<\/h4>\n<p>ZBW MediaTalk bietet auf dieser Webseite einen Newsletter an, diesen k\u00f6nnen Sie im Rahmen einer Einwilligung abonnieren. Aus rechtlichen Gr\u00fcnden erhalten Sie nach der Anmeldung eine E-Mail, mit der Sie die Bestellung des Newsletters noch einmal best\u00e4tigen m\u00fcssen (Double-Opt-In). Die im Rahmen der Anmeldung erhobenen personenbezogenen Daten werden ausschlie\u00dflich zum Versand des Newsletters verwendet und nicht an Dritte weitergegeben. Dabei werden neben den Daten in dem Anmeldeformular auch Ihre IP-Adresse sowie Datum und Uhrzeit gespeichert, um Ihre Einwilligung nachweisen zu k\u00f6nnen.<\/p>\n<p><b>Hinweis zur Abmeldung:<\/b> Um sich vom Newsletter abzumelden, finden Sie im Footer jeder versendeten Mail einen entsprechenden Abmelde-Link. Ein Klick tr\u00e4gt sie sofort aus der Liste aus. Bei weiteren Fragen zur Abmeldung <a href=\"https:\/\/www.zbw-mediatalk.eu\/de\/kontakt\/\">stehen wir Ihnen gerne zur Verf\u00fcgung<\/a>. Im Anschluss an Ihre Austragung werden Ihre personenbezogenen Daten auf dem Server des Dienstleisters gel\u00f6scht.<\/p>\n<p>Die ZBW nutzt f\u00fcr den Versand der E-Mails den Dienstleister Sendinblue.<\/p>\n<p>Kontakt: Sendinblue GmbH, K\u00f6peniker Stra\u00dfe 126, 10179 Berlin<br \/>\nDatenschutzerkl\u00e4rung: <a href=\"https:\/\/de.sendinblue.com\/legal\/privacypolicy\/\" target=\"_blank\" rel=\"noopener\">https:\/\/de.sendinblue.com\/legal\/privacypolicy\/<\/a><br \/>\nDie ZBW hat mit Sendinblue einen Auftragsverarbeitungsvertrag abgeschlossen, der Art. 28 DSGVO entspricht.<\/p>\n<h4>SSL-Verschl\u00fcsselung<\/h4>\n<p>Diese Seite nutzt aus Gr\u00fcnden der Sicherheit und zum Schutz der \u00dcbertragung vertraulicher Inhalte, wie zum Beispiel der Anfragen, die Sie an uns als Seitenbetreiber senden, eine SSL-Verschl\u00fcsselung. Eine verschl\u00fcsselte Verbindung erkennen Sie daran, dass die Adresszeile des Browsers von \u201ehttp:\/\/\u201c auf \u201ehttps:\/\/\u201c wechselt und an dem Schloss-Symbol in Ihrer Browserzeile.<\/p>\n<p>Wenn die SSL-Verschl\u00fcsselung aktiviert ist, k\u00f6nnen die Daten, die Sie an uns \u00fcbermitteln, nicht von Dritten mitgelesen werden.<\/p>\n<p><small>Stand der Datenschutzhinweise: 04.12.2024<\/small><\/p>\n","protected":false},"excerpt":{"rendered":"<p>Der Schutz Ihrer Privatsph\u00e4re bei der Nutzung unserer Webseiten ist uns wichtig. Daher nehmen Sie bitte nachstehende Informationen zur Kenntnis.<\/p>\n","protected":false},"author":1,"featured_media":34193,"parent":0,"menu_order":0,"comment_status":"closed","ping_status":"closed","template":"","meta":{"_has_post_settings":[],"footnotes":""},"hashtags":[],"class_list":["post-34192","page","type-page","status-publish","has-post-thumbnail","hentry"],"aioseo_notices":[],"_links":{"self":[{"href":"https:\/\/www.zbw-mediatalk.eu\/de\/wp-json\/wp\/v2\/pages\/34192","targetHints":{"allow":["GET"]}}],"collection":[{"href":"https:\/\/www.zbw-mediatalk.eu\/de\/wp-json\/wp\/v2\/pages"}],"about":[{"href":"https:\/\/www.zbw-mediatalk.eu\/de\/wp-json\/wp\/v2\/types\/page"}],"author":[{"embeddable":true,"href":"https:\/\/www.zbw-mediatalk.eu\/de\/wp-json\/wp\/v2\/users\/1"}],"replies":[{"embeddable":true,"href":"https:\/\/www.zbw-mediatalk.eu\/de\/wp-json\/wp\/v2\/comments?post=34192"}],"version-history":[{"count":10,"href":"https:\/\/www.zbw-mediatalk.eu\/de\/wp-json\/wp\/v2\/pages\/34192\/revisions"}],"predecessor-version":[{"id":49583,"href":"https:\/\/www.zbw-mediatalk.eu\/de\/wp-json\/wp\/v2\/pages\/34192\/revisions\/49583"}],"wp:featuredmedia":[{"embeddable":true,"href":"https:\/\/www.zbw-mediatalk.eu\/de\/wp-json\/wp\/v2\/media\/34193"}],"wp:attachment":[{"href":"https:\/\/www.zbw-mediatalk.eu\/de\/wp-json\/wp\/v2\/media?parent=34192"}],"wp:term":[{"taxonomy":"hashtags","embeddable":true,"href":"https:\/\/www.zbw-mediatalk.eu\/de\/wp-json\/wp\/v2\/hashtags?post=34192"}],"curies":[{"name":"wp","href":"https:\/\/api.w.org\/{rel}","templated":true}]}}